{"id":279,"date":"2021-09-26T12:10:16","date_gmt":"2021-09-26T12:10:16","guid":{"rendered":"https:\/\/ibac.pwdev.de\/?page_id=279"},"modified":"2022-01-19T19:51:03","modified_gmt":"2022-01-19T19:51:03","slug":"kompetenzzentrum","status":"publish","type":"page","link":"https:\/\/www.ibac-cp.rwth-aachen.de\/en\/kompetenzzentrum\/","title":{"rendered":"Competence Center"},"content":{"rendered":"\t\t<div data-elementor-type=\"wp-page\" data-elementor-id=\"279\" class=\"elementor elementor-279\" data-elementor-post-type=\"page\">\n\t\t\t\t\t\t<section class=\"elementor-section elementor-top-section elementor-element elementor-element-3dbde8f elementor-section-height-min-height elementor-section-items-bottom elementor-section-boxed elementor-section-height-default\" data-id=\"3dbde8f\" data-element_type=\"section\" data-e-type=\"section\" data-settings=\"{&quot;background_background&quot;:&quot;slideshow&quot;,&quot;background_slideshow_gallery&quot;:[{&quot;id&quot;:10,&quot;url&quot;:&quot;https:\\\/\\\/www.ibac-cp.rwth-aachen.de\\\/wp-content\\\/uploads\\\/2021\\\/08\\\/Screenshot-2021-08-30-at-18.16.16.png&quot;},{&quot;id&quot;:11,&quot;url&quot;:&quot;https:\\\/\\\/www.ibac-cp.rwth-aachen.de\\\/wp-content\\\/uploads\\\/2021\\\/08\\\/Screenshot-2021-08-30-at-18.18.09.png&quot;}],&quot;jet_parallax_layout_list&quot;:[{&quot;jet_parallax_layout_image&quot;:{&quot;url&quot;:&quot;&quot;,&quot;id&quot;:&quot;&quot;,&quot;size&quot;:&quot;&quot;},&quot;_id&quot;:&quot;6055d53&quot;,&quot;jet_parallax_layout_image_tablet&quot;:{&quot;url&quot;:&quot;&quot;,&quot;id&quot;:&quot;&quot;,&quot;size&quot;:&quot;&quot;},&quot;jet_parallax_layout_image_mobile&quot;:{&quot;url&quot;:&quot;&quot;,&quot;id&quot;:&quot;&quot;,&quot;size&quot;:&quot;&quot;},&quot;jet_parallax_layout_speed&quot;:{&quot;unit&quot;:&quot;%&quot;,&quot;size&quot;:50,&quot;sizes&quot;:[]},&quot;jet_parallax_layout_type&quot;:&quot;scroll&quot;,&quot;jet_parallax_layout_direction&quot;:null,&quot;jet_parallax_layout_fx_direction&quot;:null,&quot;jet_parallax_layout_z_index&quot;:&quot;&quot;,&quot;jet_parallax_layout_bg_x&quot;:50,&quot;jet_parallax_layout_bg_x_tablet&quot;:&quot;&quot;,&quot;jet_parallax_layout_bg_x_mobile&quot;:&quot;&quot;,&quot;jet_parallax_layout_bg_y&quot;:50,&quot;jet_parallax_layout_bg_y_tablet&quot;:&quot;&quot;,&quot;jet_parallax_layout_bg_y_mobile&quot;:&quot;&quot;,&quot;jet_parallax_layout_bg_size&quot;:&quot;auto&quot;,&quot;jet_parallax_layout_bg_size_tablet&quot;:&quot;&quot;,&quot;jet_parallax_layout_bg_size_mobile&quot;:&quot;&quot;,&quot;jet_parallax_layout_animation_prop&quot;:&quot;transform&quot;,&quot;jet_parallax_layout_on&quot;:[&quot;desktop&quot;,&quot;tablet&quot;]}],&quot;background_slideshow_loop&quot;:&quot;yes&quot;,&quot;background_slideshow_slide_duration&quot;:5000,&quot;background_slideshow_slide_transition&quot;:&quot;fade&quot;,&quot;background_slideshow_transition_duration&quot;:500}\">\n\t\t\t\t\t\t<div class=\"elementor-container elementor-column-gap-no\">\n\t\t\t\t\t<div class=\"elementor-column elementor-col-50 elementor-top-column elementor-element elementor-element-0960ccd\" data-id=\"0960ccd\" data-element_type=\"column\" data-e-type=\"column\" data-settings=\"{&quot;background_background&quot;:&quot;classic&quot;}\">\n\t\t\t<div class=\"elementor-widget-wrap elementor-element-populated\">\n\t\t\t\t\t\t<div class=\"elementor-element elementor-element-cab24aa elementor-widget elementor-widget-heading\" data-id=\"cab24aa\" data-element_type=\"widget\" data-e-type=\"widget\" data-widget_type=\"heading.default\">\n\t\t\t\t<div class=\"elementor-widget-container\">\n\t\t\t\t\t<h2 class=\"elementor-heading-title elementor-size-default\">Kompetenzzentrum<\/h2>\t\t\t\t<\/div>\n\t\t\t\t<\/div>\n\t\t\t\t\t<\/div>\n\t\t<\/div>\n\t\t\t\t<div class=\"elementor-column elementor-col-50 elementor-top-column elementor-element elementor-element-f69aec6\" data-id=\"f69aec6\" data-element_type=\"column\" data-e-type=\"column\">\n\t\t\t<div class=\"elementor-widget-wrap elementor-element-populated\">\n\t\t\t\t\t\t<div class=\"elementor-element elementor-element-6236e38 elementor-widget elementor-widget-spacer\" data-id=\"6236e38\" data-element_type=\"widget\" data-e-type=\"widget\" data-widget_type=\"spacer.default\">\n\t\t\t\t<div class=\"elementor-widget-container\">\n\t\t\t\t\t\t\t<div class=\"elementor-spacer\">\n\t\t\t<div class=\"elementor-spacer-inner\"><\/div>\n\t\t<\/div>\n\t\t\t\t\t\t<\/div>\n\t\t\t\t<\/div>\n\t\t\t\t\t<\/div>\n\t\t<\/div>\n\t\t\t\t\t<\/div>\n\t\t<\/section>\n\t\t\t\t<section class=\"elementor-section elementor-top-section elementor-element elementor-element-eb18255 elementor-section-boxed elementor-section-height-default elementor-section-height-default\" data-id=\"eb18255\" data-element_type=\"section\" data-e-type=\"section\" data-settings=\"{&quot;jet_parallax_layout_list&quot;:[{&quot;jet_parallax_layout_image&quot;:{&quot;url&quot;:&quot;&quot;,&quot;id&quot;:&quot;&quot;,&quot;size&quot;:&quot;&quot;},&quot;_id&quot;:&quot;80ad3d2&quot;,&quot;jet_parallax_layout_image_tablet&quot;:{&quot;url&quot;:&quot;&quot;,&quot;id&quot;:&quot;&quot;,&quot;size&quot;:&quot;&quot;},&quot;jet_parallax_layout_image_mobile&quot;:{&quot;url&quot;:&quot;&quot;,&quot;id&quot;:&quot;&quot;,&quot;size&quot;:&quot;&quot;},&quot;jet_parallax_layout_speed&quot;:{&quot;unit&quot;:&quot;%&quot;,&quot;size&quot;:50,&quot;sizes&quot;:[]},&quot;jet_parallax_layout_type&quot;:&quot;scroll&quot;,&quot;jet_parallax_layout_direction&quot;:null,&quot;jet_parallax_layout_fx_direction&quot;:null,&quot;jet_parallax_layout_z_index&quot;:&quot;&quot;,&quot;jet_parallax_layout_bg_x&quot;:50,&quot;jet_parallax_layout_bg_x_tablet&quot;:&quot;&quot;,&quot;jet_parallax_layout_bg_x_mobile&quot;:&quot;&quot;,&quot;jet_parallax_layout_bg_y&quot;:50,&quot;jet_parallax_layout_bg_y_tablet&quot;:&quot;&quot;,&quot;jet_parallax_layout_bg_y_mobile&quot;:&quot;&quot;,&quot;jet_parallax_layout_bg_size&quot;:&quot;auto&quot;,&quot;jet_parallax_layout_bg_size_tablet&quot;:&quot;&quot;,&quot;jet_parallax_layout_bg_size_mobile&quot;:&quot;&quot;,&quot;jet_parallax_layout_animation_prop&quot;:&quot;transform&quot;,&quot;jet_parallax_layout_on&quot;:[&quot;desktop&quot;,&quot;tablet&quot;]}]}\">\n\t\t\t\t\t\t<div class=\"elementor-container elementor-column-gap-default\">\n\t\t\t\t\t<div class=\"elementor-column elementor-col-50 elementor-top-column elementor-element elementor-element-4d7d1e0\" data-id=\"4d7d1e0\" data-element_type=\"column\" data-e-type=\"column\">\n\t\t\t<div class=\"elementor-widget-wrap elementor-element-populated\">\n\t\t\t\t\t\t<div class=\"elementor-element elementor-element-a1cfb09 elementor-widget elementor-widget-text-editor\" data-id=\"a1cfb09\" data-element_type=\"widget\" data-e-type=\"widget\" data-widget_type=\"text-editor.default\">\n\t\t\t\t<div class=\"elementor-widget-container\">\n\t\t\t\t\t\t\t\t\t<div class=\"wpb_column vc_column_container vc_col-sm-6\"><div class=\"wpb_wrapper\"><div class=\"wpb_text_column wpb_content_element \"><div class=\"wpb_wrapper\"><p>Innovationen und deren Umsetzung sind im Bauwesen h\u00e4ufig langwierige Prozesse. Besonders im Konstruktiven Ingenieur- und im Verkehrsinfrastrukturbau wird h\u00e4ufig auf \u201eAltbew\u00e4hrtes\u201c gesetzt.<\/p><p>Geb\u00fcndelt im Cluster \u201eBauen\u201c auf dem\u00a0<a href=\"https:\/\/www.rwth-campus.com\/\" target=\"_blank\" rel=\"noopener noreferrer\">RWTH Aachen Campus<\/a>\u00a0m\u00f6chte das\u00a0<a href=\"http:\/\/cbi.rwth-campus.com\/\" target=\"_blank\" rel=\"noopener noreferrer\"><strong>Center Building and Infrastructure Engineering (CBI)<\/strong><\/a>\u00a0gemeinsam mit der Industrie Trends nutzen und Innovationen sowie Technologietransfers effizienter und schneller umsetzen. Dar\u00fcber hinaus m\u00f6chte das\u00a0<strong>CBI<\/strong>\u00a0eine schnellere \u00dcberf\u00fchrung in Regelwerke und Zulassungen erreichen. Denn Normungs- und Zulassungsprozesse hemmen nach wie vor die \u00dcbertragung vom Labor auf die Baustelle.<\/p><\/div><\/div><\/div><\/div>\t\t\t\t\t\t\t\t<\/div>\n\t\t\t\t<\/div>\n\t\t\t\t\t<\/div>\n\t\t<\/div>\n\t\t\t\t<div class=\"elementor-column elementor-col-50 elementor-top-column elementor-element elementor-element-b0af703\" data-id=\"b0af703\" data-element_type=\"column\" data-e-type=\"column\">\n\t\t\t<div class=\"elementor-widget-wrap elementor-element-populated\">\n\t\t\t\t\t\t<div class=\"elementor-element elementor-element-fb08fa6 elementor-widget elementor-widget-image\" data-id=\"fb08fa6\" data-element_type=\"widget\" data-e-type=\"widget\" data-widget_type=\"image.default\">\n\t\t\t\t<div class=\"elementor-widget-container\">\n\t\t\t\t\t\t\t\t\t\t\t\t\t\t\t<img fetchpriority=\"high\" decoding=\"async\" width=\"500\" height=\"148\" src=\"https:\/\/www.ibac-cp.rwth-aachen.de\/wp-content\/uploads\/2022\/01\/LOGO_CBIE_2x_2019.png\" class=\"attachment-full size-full wp-image-1081\" alt=\"\" srcset=\"https:\/\/www.ibac-cp.rwth-aachen.de\/wp-content\/uploads\/2022\/01\/LOGO_CBIE_2x_2019.png 500w, https:\/\/www.ibac-cp.rwth-aachen.de\/wp-content\/uploads\/2022\/01\/LOGO_CBIE_2x_2019-300x89.png 300w\" sizes=\"(max-width: 500px) 100vw, 500px\" \/>\t\t\t\t\t\t\t\t\t\t\t\t\t\t\t<\/div>\n\t\t\t\t<\/div>\n\t\t\t\t\t<\/div>\n\t\t<\/div>\n\t\t\t\t\t<\/div>\n\t\t<\/section>\n\t\t\t\t<\/div>\n\t\t","protected":false},"excerpt":{"rendered":"<p>Innovationen und deren Umsetzung sind im Bauwesen h\u00e4ufig langwierige Prozesse. Besonders im Konstruktiven Ingenieur- und im Verkehrsinfrastrukturbau wird h\u00e4ufig auf \u201eAltbew\u00e4hrtes\u201c gesetzt. Geb\u00fcndelt im Cluster \u201eBauen\u201c auf dem\u00a0RWTH Aachen Campus\u00a0m\u00f6chte das\u00a0Center Building and Infrastructure Engineering (CBI)\u00a0gemeinsam mit der Industrie Trends nutzen und Innovationen sowie Technologietransfers effizienter und schneller umsetzen. Dar\u00fcber hinaus m\u00f6chte das\u00a0CBI\u00a0eine schnellere \u00dcberf\u00fchrung [&hellip;]<\/p>\n","protected":false},"author":1,"featured_media":0,"parent":0,"menu_order":0,"comment_status":"closed","ping_status":"closed","template":"","meta":{"cybocfi_hide_featured_image":"","footnotes":""},"class_list":["post-279","page","type-page","status-publish","hentry"],"_links":{"self":[{"href":"https:\/\/www.ibac-cp.rwth-aachen.de\/en\/wp-json\/wp\/v2\/pages\/279","targetHints":{"allow":["GET"]}}],"collection":[{"href":"https:\/\/www.ibac-cp.rwth-aachen.de\/en\/wp-json\/wp\/v2\/pages"}],"about":[{"href":"https:\/\/www.ibac-cp.rwth-aachen.de\/en\/wp-json\/wp\/v2\/types\/page"}],"author":[{"embeddable":true,"href":"https:\/\/www.ibac-cp.rwth-aachen.de\/en\/wp-json\/wp\/v2\/users\/1"}],"replies":[{"embeddable":true,"href":"https:\/\/www.ibac-cp.rwth-aachen.de\/en\/wp-json\/wp\/v2\/comments?post=279"}],"version-history":[{"count":16,"href":"https:\/\/www.ibac-cp.rwth-aachen.de\/en\/wp-json\/wp\/v2\/pages\/279\/revisions"}],"predecessor-version":[{"id":1084,"href":"https:\/\/www.ibac-cp.rwth-aachen.de\/en\/wp-json\/wp\/v2\/pages\/279\/revisions\/1084"}],"wp:attachment":[{"href":"https:\/\/www.ibac-cp.rwth-aachen.de\/en\/wp-json\/wp\/v2\/media?parent=279"}],"curies":[{"name":"wp","href":"https:\/\/api.w.org\/{rel}","templated":true}]}}