{"id":285,"date":"2021-09-26T12:16:06","date_gmt":"2021-09-26T12:16:06","guid":{"rendered":"https:\/\/ibac.pwdev.de\/?page_id=285"},"modified":"2022-07-18T15:19:04","modified_gmt":"2022-07-18T13:19:04","slug":"ausschusstatigkeit","status":"publish","type":"page","link":"https:\/\/www.ibac-cp.rwth-aachen.de\/en\/ausschusstatigkeit\/","title":{"rendered":"Committee activity"},"content":{"rendered":"\t\t<div data-elementor-type=\"wp-page\" data-elementor-id=\"285\" class=\"elementor elementor-285\" data-elementor-post-type=\"page\">\n\t\t\t\t\t\t<section class=\"elementor-section elementor-top-section elementor-element elementor-element-3dbde8f elementor-section-height-min-height elementor-section-items-bottom elementor-section-boxed elementor-section-height-default\" data-id=\"3dbde8f\" data-element_type=\"section\" data-e-type=\"section\" data-settings=\"{&quot;background_background&quot;:&quot;slideshow&quot;,&quot;background_slideshow_gallery&quot;:[{&quot;id&quot;:10,&quot;url&quot;:&quot;https:\\\/\\\/www.ibac-cp.rwth-aachen.de\\\/wp-content\\\/uploads\\\/2021\\\/08\\\/Screenshot-2021-08-30-at-18.16.16.png&quot;},{&quot;id&quot;:11,&quot;url&quot;:&quot;https:\\\/\\\/www.ibac-cp.rwth-aachen.de\\\/wp-content\\\/uploads\\\/2021\\\/08\\\/Screenshot-2021-08-30-at-18.18.09.png&quot;}],&quot;jet_parallax_layout_list&quot;:[{&quot;jet_parallax_layout_image&quot;:{&quot;url&quot;:&quot;&quot;,&quot;id&quot;:&quot;&quot;,&quot;size&quot;:&quot;&quot;},&quot;_id&quot;:&quot;6055d53&quot;,&quot;jet_parallax_layout_image_tablet&quot;:{&quot;url&quot;:&quot;&quot;,&quot;id&quot;:&quot;&quot;,&quot;size&quot;:&quot;&quot;},&quot;jet_parallax_layout_image_mobile&quot;:{&quot;url&quot;:&quot;&quot;,&quot;id&quot;:&quot;&quot;,&quot;size&quot;:&quot;&quot;},&quot;jet_parallax_layout_speed&quot;:{&quot;unit&quot;:&quot;%&quot;,&quot;size&quot;:50,&quot;sizes&quot;:[]},&quot;jet_parallax_layout_type&quot;:&quot;scroll&quot;,&quot;jet_parallax_layout_direction&quot;:null,&quot;jet_parallax_layout_fx_direction&quot;:null,&quot;jet_parallax_layout_z_index&quot;:&quot;&quot;,&quot;jet_parallax_layout_bg_x&quot;:50,&quot;jet_parallax_layout_bg_x_tablet&quot;:&quot;&quot;,&quot;jet_parallax_layout_bg_x_mobile&quot;:&quot;&quot;,&quot;jet_parallax_layout_bg_y&quot;:50,&quot;jet_parallax_layout_bg_y_tablet&quot;:&quot;&quot;,&quot;jet_parallax_layout_bg_y_mobile&quot;:&quot;&quot;,&quot;jet_parallax_layout_bg_size&quot;:&quot;auto&quot;,&quot;jet_parallax_layout_bg_size_tablet&quot;:&quot;&quot;,&quot;jet_parallax_layout_bg_size_mobile&quot;:&quot;&quot;,&quot;jet_parallax_layout_animation_prop&quot;:&quot;transform&quot;,&quot;jet_parallax_layout_on&quot;:[&quot;desktop&quot;,&quot;tablet&quot;]}],&quot;background_slideshow_loop&quot;:&quot;yes&quot;,&quot;background_slideshow_slide_duration&quot;:5000,&quot;background_slideshow_slide_transition&quot;:&quot;fade&quot;,&quot;background_slideshow_transition_duration&quot;:500}\">\n\t\t\t\t\t\t<div class=\"elementor-container elementor-column-gap-no\">\n\t\t\t\t\t<div class=\"elementor-column elementor-col-50 elementor-top-column elementor-element elementor-element-0960ccd\" data-id=\"0960ccd\" data-element_type=\"column\" data-e-type=\"column\" data-settings=\"{&quot;background_background&quot;:&quot;classic&quot;}\">\n\t\t\t<div class=\"elementor-widget-wrap elementor-element-populated\">\n\t\t\t\t\t\t<div class=\"elementor-element elementor-element-cab24aa elementor-widget elementor-widget-heading\" data-id=\"cab24aa\" data-element_type=\"widget\" data-e-type=\"widget\" data-widget_type=\"heading.default\">\n\t\t\t\t<div class=\"elementor-widget-container\">\n\t\t\t\t\t<h2 class=\"elementor-heading-title elementor-size-default\">Ausschusst\u00e4tigkeit<\/h2>\t\t\t\t<\/div>\n\t\t\t\t<\/div>\n\t\t\t\t\t<\/div>\n\t\t<\/div>\n\t\t\t\t<div class=\"elementor-column elementor-col-50 elementor-top-column elementor-element elementor-element-f69aec6\" data-id=\"f69aec6\" data-element_type=\"column\" data-e-type=\"column\">\n\t\t\t<div class=\"elementor-widget-wrap elementor-element-populated\">\n\t\t\t\t\t\t<div class=\"elementor-element elementor-element-6236e38 elementor-widget elementor-widget-spacer\" data-id=\"6236e38\" data-element_type=\"widget\" data-e-type=\"widget\" data-widget_type=\"spacer.default\">\n\t\t\t\t<div class=\"elementor-widget-container\">\n\t\t\t\t\t\t\t<div class=\"elementor-spacer\">\n\t\t\t<div class=\"elementor-spacer-inner\"><\/div>\n\t\t<\/div>\n\t\t\t\t\t\t<\/div>\n\t\t\t\t<\/div>\n\t\t\t\t\t<\/div>\n\t\t<\/div>\n\t\t\t\t\t<\/div>\n\t\t<\/section>\n\t\t\t\t<section class=\"elementor-section elementor-top-section elementor-element elementor-element-c603d0e elementor-section-boxed elementor-section-height-default elementor-section-height-default\" data-id=\"c603d0e\" data-element_type=\"section\" data-e-type=\"section\" data-settings=\"{&quot;jet_parallax_layout_list&quot;:[{&quot;jet_parallax_layout_image&quot;:{&quot;url&quot;:&quot;&quot;,&quot;id&quot;:&quot;&quot;,&quot;size&quot;:&quot;&quot;},&quot;_id&quot;:&quot;e845943&quot;,&quot;jet_parallax_layout_image_tablet&quot;:{&quot;url&quot;:&quot;&quot;,&quot;id&quot;:&quot;&quot;,&quot;size&quot;:&quot;&quot;},&quot;jet_parallax_layout_image_mobile&quot;:{&quot;url&quot;:&quot;&quot;,&quot;id&quot;:&quot;&quot;,&quot;size&quot;:&quot;&quot;},&quot;jet_parallax_layout_speed&quot;:{&quot;unit&quot;:&quot;%&quot;,&quot;size&quot;:50,&quot;sizes&quot;:[]},&quot;jet_parallax_layout_type&quot;:&quot;scroll&quot;,&quot;jet_parallax_layout_direction&quot;:null,&quot;jet_parallax_layout_fx_direction&quot;:null,&quot;jet_parallax_layout_z_index&quot;:&quot;&quot;,&quot;jet_parallax_layout_bg_x&quot;:50,&quot;jet_parallax_layout_bg_x_tablet&quot;:&quot;&quot;,&quot;jet_parallax_layout_bg_x_mobile&quot;:&quot;&quot;,&quot;jet_parallax_layout_bg_y&quot;:50,&quot;jet_parallax_layout_bg_y_tablet&quot;:&quot;&quot;,&quot;jet_parallax_layout_bg_y_mobile&quot;:&quot;&quot;,&quot;jet_parallax_layout_bg_size&quot;:&quot;auto&quot;,&quot;jet_parallax_layout_bg_size_tablet&quot;:&quot;&quot;,&quot;jet_parallax_layout_bg_size_mobile&quot;:&quot;&quot;,&quot;jet_parallax_layout_animation_prop&quot;:&quot;transform&quot;,&quot;jet_parallax_layout_on&quot;:[&quot;desktop&quot;,&quot;tablet&quot;]}]}\">\n\t\t\t\t\t\t<div class=\"elementor-container elementor-column-gap-default\">\n\t\t\t\t\t<div class=\"elementor-column elementor-col-100 elementor-top-column elementor-element elementor-element-d36271e\" data-id=\"d36271e\" data-element_type=\"column\" data-e-type=\"column\">\n\t\t\t<div class=\"elementor-widget-wrap elementor-element-populated\">\n\t\t\t\t\t\t<section class=\"elementor-section elementor-inner-section elementor-element elementor-element-3c0c4d8 elementor-section-boxed elementor-section-height-default elementor-section-height-default\" data-id=\"3c0c4d8\" data-element_type=\"section\" data-e-type=\"section\" data-settings=\"{&quot;jet_parallax_layout_list&quot;:[{&quot;jet_parallax_layout_image&quot;:{&quot;url&quot;:&quot;&quot;,&quot;id&quot;:&quot;&quot;,&quot;size&quot;:&quot;&quot;},&quot;_id&quot;:&quot;d6c260b&quot;,&quot;jet_parallax_layout_image_tablet&quot;:{&quot;url&quot;:&quot;&quot;,&quot;id&quot;:&quot;&quot;,&quot;size&quot;:&quot;&quot;},&quot;jet_parallax_layout_image_mobile&quot;:{&quot;url&quot;:&quot;&quot;,&quot;id&quot;:&quot;&quot;,&quot;size&quot;:&quot;&quot;},&quot;jet_parallax_layout_speed&quot;:{&quot;unit&quot;:&quot;%&quot;,&quot;size&quot;:50,&quot;sizes&quot;:[]},&quot;jet_parallax_layout_type&quot;:&quot;scroll&quot;,&quot;jet_parallax_layout_direction&quot;:null,&quot;jet_parallax_layout_fx_direction&quot;:null,&quot;jet_parallax_layout_z_index&quot;:&quot;&quot;,&quot;jet_parallax_layout_bg_x&quot;:50,&quot;jet_parallax_layout_bg_x_tablet&quot;:&quot;&quot;,&quot;jet_parallax_layout_bg_x_mobile&quot;:&quot;&quot;,&quot;jet_parallax_layout_bg_y&quot;:50,&quot;jet_parallax_layout_bg_y_tablet&quot;:&quot;&quot;,&quot;jet_parallax_layout_bg_y_mobile&quot;:&quot;&quot;,&quot;jet_parallax_layout_bg_size&quot;:&quot;auto&quot;,&quot;jet_parallax_layout_bg_size_tablet&quot;:&quot;&quot;,&quot;jet_parallax_layout_bg_size_mobile&quot;:&quot;&quot;,&quot;jet_parallax_layout_animation_prop&quot;:&quot;transform&quot;,&quot;jet_parallax_layout_on&quot;:[&quot;desktop&quot;,&quot;tablet&quot;]}]}\">\n\t\t\t\t\t\t<div class=\"elementor-container elementor-column-gap-default\">\n\t\t\t\t\t<div class=\"elementor-column elementor-col-100 elementor-inner-column elementor-element elementor-element-4461b1d\" data-id=\"4461b1d\" data-element_type=\"column\" data-e-type=\"column\">\n\t\t\t<div class=\"elementor-widget-wrap elementor-element-populated\">\n\t\t\t\t\t\t<div class=\"elementor-element elementor-element-653e992 elementor-widget elementor-widget-text-editor\" data-id=\"653e992\" data-element_type=\"widget\" data-e-type=\"widget\" id=\"internationale\" data-widget_type=\"text-editor.default\">\n\t\t\t\t<div class=\"elementor-widget-container\">\n\t\t\t\t\t\t\t\t\t<div>\n<div>\n<div>\n<div>\n<div>\n<h3><span style=\"color: #03549f;\">Internationale Gremien<\/span><\/h3>\n<\/div>\n<\/div>\n<\/div>\n<\/div>\n<\/div>\n<div>\n<div>\n<div>\n<div>\n<div>\n<p><strong>European Federation of Corrosion (EFC)<\/strong><\/p>\n<ul>\n<li>Science and Technology Advisory Committee STAC (Raupach)<\/li>\n<li>WP11 Corrosion in Concrete (Raupach \u2013 working party chairman)\n<br><br><\/li>\n<\/ul>\n<p><strong>R\u00e9union Internationale des Laboratoires d\u2019Essais et de Recherches sur les Mat\u00e9riaux et les Constructions (RILEM)<\/strong><\/p>\n<ul>\n<li>TC 235 CTC Corrosion Initiating Chloride Threshold Concentrations in Concrete (Raupach, Kosalla)<\/li>\n<li>TC 248 MMB Methods of measuring moisture in building materials and structures (Weichold)\n<br><br><\/li>\n<\/ul>\n<p><strong>Comit\u00e9 Europ\u00e9en de la Normalisation (CEN)<\/strong><\/p>\n<ul>\n<li>TC 104\/SC 8: Stoffe zum Schutz, Instandsetzung und Verst\u00e4rkung von Betonbauteilen (Raupach)<\/li>\n<\/ul>\n<\/div>\n<\/div>\n<\/div>\n<\/div>\n<\/div>\n<div>\n<div>\n<div>\n<div>\n<div>\n<p><a><\/a><\/p>\n<h3><span style=\"color: #03549f;\">&nbsp;<\/span><\/h3>\n<h3><span style=\"color: #03549f;\">Nationale Gremien<\/span><\/h3>\n<\/div>\n<\/div>\n<\/div>\n<\/div>\n<\/div>\n<div>\n<div>\n<div>\n<div>\n<div>\n<p><strong>Deutsches Institut f\u00fcr Normung (DIN)<\/strong><\/p>\n<ul>\n<li>Arbeitsausschuss NA 005-07-06 Schutz, Instandsetzung und Verst\u00e4rkung (SpA zu CEN\/TC 104\/SC 8) (Raupach&nbsp;\u2013 Obmann)<\/li>\n<li>Normenausschuss Materialpr\u00fcfung (NMP): NA062-01-71AA Korrosion und Korrosionsschutz (Raupach, Bruns)<\/li>\n<li>Arbeitsausschuss Erdbebensicherheit von Mauerwerk (Saenger)<\/li>\n<li>Spiegelauschuss Putzm\u00f6rtel, SpA zu CEN\/TC 125 WG 5, CEN\/TC 125\/WG 2 (Saenger)\n<br><br><\/li>\n<\/ul>\n<p><strong>Deutscher Ausschuss f\u00fcr Stahlbeton (DAfStB)<\/strong><\/p>\n<ul>\n<li>Mitglied des Vorstandes (Raupach)<\/li>\n<li>Forschungsbeirat (Raupach)<\/li>\n<li>Technischer Ausschuss \u201eSchutz und Instandsetzung von Betonbauteilen\u201c (Raupach \u2013 Obmann)<\/li>\n<li>Arbeitskreis Rili SIB \u201ePlanung\u201c zur \u00dcberarbeitung der DAfStb-Richtlinie \u201eSchutz und Instandset-zung von Betonbauteilen\u201c (Raupach \u2013 Obmann)<\/li>\n<li>Arbeitskreis Rili SIB Kathodischer Korrosionsschutz (Raupach \u2013 Obmann)<\/li>\n<li>Ad Hoc Gruppe: Dauerhaftigkeit von befahrenen Parkdecks (Raupach \u2013 Obmann)<\/li>\n<li>Arbeitskreis \u201eBetonbauteile mit nichtmetallischer Bewehrung\u201c (Morales Cruz)\n<br><br><\/li>\n<\/ul>\n<p><strong>Sachverst\u00e4ndigenaussch\u00fcsse des Deutschen Instituts f\u00fcr Bautechnik, Berlin (DIBt)<\/strong><\/p>\n<ul>\n<li>SVA Betontechnologie \u2013 PG Instandsetzungssysteme f\u00fcr Beton (Raupach)<\/li>\n<li>SVA Tiefbau\/Grundbau \u2013 B1 \u2013 Verpressanker\/Verpresspf\u00e4hle (Raupach)<\/li>\n<li>SVA Dichtkonstruktionen f\u00fcr LAU-Anlagen \u2013 AK Instandsetzung von Beton in LAU-Anlagen (Raupach, R\u00f6\u00dfler)<\/li>\n<li>SVA Bauteile aus Faserbeton und textilbewehrtem Beton (Raupach, Morales Cruz)\n<br><br><\/li>\n<\/ul>\n<p><strong>Erfahrungsaustausch vom DIBt anerkannter Pr\u00fcfstellen hinsichtlich allgemeiner bauaufsichtlicher Pr\u00fcfzeugnisse<\/strong><\/p>\n<ul>\n<li>\n<p>Betoninstandsetzungsprodukte \u2013 Bauregelliste A, Teil 2, 2.22 2.24 (Raupach, Morales Cruz)<\/p>\n<\/li>\n<\/ul>\n<p><strong>Deutscher Verein des Gas- und Wasserfaches e.V. (DVWG)<\/strong><\/p>\n<ul>\n<li>Technisches Komitee Wasserspeicherung, Projektkreis W 300 (Raupach)\n<br><br><\/li>\n<\/ul>\n<p><strong>Deutsche Gesellschaft f\u00fcr Zerst\u00f6rungsfreie Pr\u00fcfung (DGZfP)<\/strong><\/p>\n<ul>\n<li>Fachausschuss Zerst\u00f6rungsfreies Pr\u00fcfen im Bauwesen (Raupach)<\/li>\n<li>UA Korrosionsnachweis f\u00fcr Stahlbeton (Raupach)\n<br><br><\/li>\n<\/ul>\n<p><strong>Bundesminister f\u00fcr Verkehr bzw. Bundesanstalt f\u00fcr Stra\u00dfenwesen (BMVBS, BASt)<\/strong><\/p>\n<ul>\n<li>Arbeitsgruppe 2.3 ZTV-ING, Schutz und Instandsetzung von Betonbauteilen (R\u00f6\u00dfler)<\/li>\n<li>Arbeitsgruppe Antigraffitisysteme (R\u00f6\u00dfler)\n<br><br><\/li>\n<\/ul>\n<p><strong>Wissenschaftlich-Technische Arbeitsgemeinschaft f\u00fcr Denkmalpflege und Bauwerkserhaltung e. V. (WTA)<\/strong><\/p>\n<ul>\n<li>Arbeitsgruppe 4.10: Injektionsverfahren mit zertifizierten Injektionsstoffen gegen kapillaren Feuchtetransport (Kriescher, Morales Cruz)<\/li>\n<li>Referat 5: Beton (Leitung \u2013 Morales Cruz)<\/li>\n<li>Arbeitsgruppe 5.26: Nachtr\u00e4glicher Einbau von Betoninnenwannen zur Abdichtung gegen dr\u00fcckendes Wasser (Morales Cruz)<br><br><\/li>\n<\/ul>\n<p><strong>Gesellschaft f\u00fcr Korrosionsschutz e. V. (GfKORR)<\/strong><\/p>\n<ul>\n<li>AK Korrosion im Bauwesen (Raupach)\n<br><br><\/li>\n<\/ul>\n<p><strong>Hafenbautechnische Gesellschaft e. V. (HTG)<\/strong><\/p>\n<ul>\n<li>HTG-Ausschuss f\u00fcr Korrosionsfragen (Raupach, Bruns)\n<br><br><\/li>\n<\/ul>\n<p><strong>\u00dcberwachungsgemeinschaft B Zert e. V.<\/strong>&nbsp;(Raupach, Le)<\/p>\n<p><strong>Verband der Materialpr\u00fcfungsanstalten e. V.<\/strong>&nbsp;(Raupach, Le)<\/p>\n<p><strong>Bau-\u00dcberwachungsverein&nbsp;e. V. B\u00dcV&nbsp;<\/strong>(Raupach)<\/p>\n<\/div>\n<\/div>\n<\/div>\n<\/div>\n<\/div>\n<div>\n<div>\n<div>\n<div>\n<div>\n<p><a><\/a><\/p>\n<h3><span style=\"color: #03549f;\">&nbsp;<\/span><\/h3>\n<h3><span style=\"color: #03549f;\">Konferenzen und Journale<\/span><\/h3>\n<\/div>\n<\/div>\n<\/div>\n<\/div>\n<\/div>\n<div>\n<div>\n<div>\n<div>\n<div>\n<p><strong>International Congress on Polymers in Concrete (<a href=\"http:\/\/www.icpic-community.org\/\" target=\"_blank\" rel=\"noopener\">ICPIC<\/a>)<\/strong><\/p>\n<ul>\n<li>Board of Directors (Weichold, Raupach)\n<br><br><\/li>\n<\/ul>\n<p><strong>Magazine of Concrete Research (<a href=\"http:\/\/www.editorialmanager.com\/macr\/default.aspx\" target=\"_blank\" rel=\"noopener\">MCR<\/a>)<\/strong><\/p>\n<ul>\n<li>Editorial Advisory Board (Raupach)\n<br><br><\/li>\n<\/ul>\n<p><strong>Restoration of Buildings and Monuments (<a href=\"http:\/\/www.degruyter.com\/view\/j\/rbm\" target=\"_blank\" rel=\"noopener\">RMB<\/a>)<\/strong><\/p>\n<ul>\n<li>Editorial Board (Raupach, Weichold)<\/li>\n<\/ul>\n<\/div>\n<\/div>\n<\/div>\n<\/div>\n<\/div>\t\t\t\t\t\t\t\t<\/div>\n\t\t\t\t<\/div>\n\t\t\t\t\t<\/div>\n\t\t<\/div>\n\t\t\t\t\t<\/div>\n\t\t<\/section>\n\t\t\t\t\t<\/div>\n\t\t<\/div>\n\t\t\t\t\t<\/div>\n\t\t<\/section>\n\t\t\t\t<\/div>\n\t\t","protected":false},"excerpt":{"rendered":"<p>Internationale Gremien European Federation of Corrosion (EFC) Science and Technology Advisory Committee STAC (Raupach) WP11 Corrosion in Concrete (Raupach \u2013 working party chairman) R\u00e9union Internationale des Laboratoires d\u2019Essais et de Recherches sur les Mat\u00e9riaux et les Constructions (RILEM) TC 235 CTC Corrosion Initiating Chloride Threshold Concentrations in Concrete (Raupach, Kosalla) TC 248 MMB Methods of [&hellip;]<\/p>\n","protected":false},"author":1,"featured_media":0,"parent":0,"menu_order":0,"comment_status":"closed","ping_status":"closed","template":"","meta":{"cybocfi_hide_featured_image":"","footnotes":""},"class_list":["post-285","page","type-page","status-publish","hentry"],"_links":{"self":[{"href":"https:\/\/www.ibac-cp.rwth-aachen.de\/en\/wp-json\/wp\/v2\/pages\/285","targetHints":{"allow":["GET"]}}],"collection":[{"href":"https:\/\/www.ibac-cp.rwth-aachen.de\/en\/wp-json\/wp\/v2\/pages"}],"about":[{"href":"https:\/\/www.ibac-cp.rwth-aachen.de\/en\/wp-json\/wp\/v2\/types\/page"}],"author":[{"embeddable":true,"href":"https:\/\/www.ibac-cp.rwth-aachen.de\/en\/wp-json\/wp\/v2\/users\/1"}],"replies":[{"embeddable":true,"href":"https:\/\/www.ibac-cp.rwth-aachen.de\/en\/wp-json\/wp\/v2\/comments?post=285"}],"version-history":[{"count":38,"href":"https:\/\/www.ibac-cp.rwth-aachen.de\/en\/wp-json\/wp\/v2\/pages\/285\/revisions"}],"predecessor-version":[{"id":2967,"href":"https:\/\/www.ibac-cp.rwth-aachen.de\/en\/wp-json\/wp\/v2\/pages\/285\/revisions\/2967"}],"wp:attachment":[{"href":"https:\/\/www.ibac-cp.rwth-aachen.de\/en\/wp-json\/wp\/v2\/media?parent=285"}],"curies":[{"name":"wp","href":"https:\/\/api.w.org\/{rel}","templated":true}]}}