{"id":479,"date":"2021-09-26T14:35:03","date_gmt":"2021-09-26T14:35:03","guid":{"rendered":"https:\/\/ibac.pwdev.de\/?page_id=479"},"modified":"2021-12-16T05:35:13","modified_gmt":"2021-12-16T05:35:13","slug":"publikationen","status":"publish","type":"page","link":"https:\/\/www.ibac-cp.rwth-aachen.de\/en\/publikationen\/","title":{"rendered":"Publications"},"content":{"rendered":"\t\t<div data-elementor-type=\"wp-page\" data-elementor-id=\"479\" class=\"elementor elementor-479\" data-elementor-post-type=\"page\">\n\t\t\t\t\t\t<section class=\"elementor-section elementor-top-section elementor-element elementor-element-3dbde8f elementor-section-height-min-height elementor-section-items-bottom elementor-section-boxed elementor-section-height-default\" data-id=\"3dbde8f\" data-element_type=\"section\" data-e-type=\"section\" data-settings=\"{&quot;background_background&quot;:&quot;slideshow&quot;,&quot;background_slideshow_gallery&quot;:[{&quot;id&quot;:10,&quot;url&quot;:&quot;https:\\\/\\\/www.ibac-cp.rwth-aachen.de\\\/wp-content\\\/uploads\\\/2021\\\/08\\\/Screenshot-2021-08-30-at-18.16.16.png&quot;},{&quot;id&quot;:11,&quot;url&quot;:&quot;https:\\\/\\\/www.ibac-cp.rwth-aachen.de\\\/wp-content\\\/uploads\\\/2021\\\/08\\\/Screenshot-2021-08-30-at-18.18.09.png&quot;}],&quot;jet_parallax_layout_list&quot;:[{&quot;jet_parallax_layout_image&quot;:{&quot;url&quot;:&quot;&quot;,&quot;id&quot;:&quot;&quot;,&quot;size&quot;:&quot;&quot;},&quot;_id&quot;:&quot;6055d53&quot;,&quot;jet_parallax_layout_image_tablet&quot;:{&quot;url&quot;:&quot;&quot;,&quot;id&quot;:&quot;&quot;,&quot;size&quot;:&quot;&quot;},&quot;jet_parallax_layout_image_mobile&quot;:{&quot;url&quot;:&quot;&quot;,&quot;id&quot;:&quot;&quot;,&quot;size&quot;:&quot;&quot;},&quot;jet_parallax_layout_speed&quot;:{&quot;unit&quot;:&quot;%&quot;,&quot;size&quot;:50,&quot;sizes&quot;:[]},&quot;jet_parallax_layout_type&quot;:&quot;scroll&quot;,&quot;jet_parallax_layout_direction&quot;:null,&quot;jet_parallax_layout_fx_direction&quot;:null,&quot;jet_parallax_layout_z_index&quot;:&quot;&quot;,&quot;jet_parallax_layout_bg_x&quot;:50,&quot;jet_parallax_layout_bg_x_tablet&quot;:&quot;&quot;,&quot;jet_parallax_layout_bg_x_mobile&quot;:&quot;&quot;,&quot;jet_parallax_layout_bg_y&quot;:50,&quot;jet_parallax_layout_bg_y_tablet&quot;:&quot;&quot;,&quot;jet_parallax_layout_bg_y_mobile&quot;:&quot;&quot;,&quot;jet_parallax_layout_bg_size&quot;:&quot;auto&quot;,&quot;jet_parallax_layout_bg_size_tablet&quot;:&quot;&quot;,&quot;jet_parallax_layout_bg_size_mobile&quot;:&quot;&quot;,&quot;jet_parallax_layout_animation_prop&quot;:&quot;transform&quot;,&quot;jet_parallax_layout_on&quot;:[&quot;desktop&quot;,&quot;tablet&quot;]}],&quot;background_slideshow_loop&quot;:&quot;yes&quot;,&quot;background_slideshow_slide_duration&quot;:5000,&quot;background_slideshow_slide_transition&quot;:&quot;fade&quot;,&quot;background_slideshow_transition_duration&quot;:500}\">\n\t\t\t\t\t\t<div class=\"elementor-container elementor-column-gap-no\">\n\t\t\t\t\t<div class=\"elementor-column elementor-col-50 elementor-top-column elementor-element elementor-element-0960ccd\" data-id=\"0960ccd\" data-element_type=\"column\" data-e-type=\"column\" data-settings=\"{&quot;background_background&quot;:&quot;classic&quot;}\">\n\t\t\t<div class=\"elementor-widget-wrap elementor-element-populated\">\n\t\t\t\t\t\t<div class=\"elementor-element elementor-element-cab24aa elementor-widget elementor-widget-heading\" data-id=\"cab24aa\" data-element_type=\"widget\" data-e-type=\"widget\" data-widget_type=\"heading.default\">\n\t\t\t\t<div class=\"elementor-widget-container\">\n\t\t\t\t\t<h2 class=\"elementor-heading-title elementor-size-default\">Publikationen<\/h2>\t\t\t\t<\/div>\n\t\t\t\t<\/div>\n\t\t\t\t\t<\/div>\n\t\t<\/div>\n\t\t\t\t<div class=\"elementor-column elementor-col-50 elementor-top-column elementor-element elementor-element-f69aec6\" data-id=\"f69aec6\" data-element_type=\"column\" data-e-type=\"column\">\n\t\t\t<div class=\"elementor-widget-wrap elementor-element-populated\">\n\t\t\t\t\t\t<div class=\"elementor-element elementor-element-6236e38 elementor-widget elementor-widget-spacer\" data-id=\"6236e38\" data-element_type=\"widget\" data-e-type=\"widget\" data-widget_type=\"spacer.default\">\n\t\t\t\t<div class=\"elementor-widget-container\">\n\t\t\t\t\t\t\t<div class=\"elementor-spacer\">\n\t\t\t<div class=\"elementor-spacer-inner\"><\/div>\n\t\t<\/div>\n\t\t\t\t\t\t<\/div>\n\t\t\t\t<\/div>\n\t\t\t\t\t<\/div>\n\t\t<\/div>\n\t\t\t\t\t<\/div>\n\t\t<\/section>\n\t\t\t\t<section class=\"elementor-section elementor-top-section elementor-element elementor-element-6964db0 elementor-section-boxed elementor-section-height-default elementor-section-height-default\" data-id=\"6964db0\" data-element_type=\"section\" data-e-type=\"section\" data-settings=\"{&quot;jet_parallax_layout_list&quot;:[{&quot;jet_parallax_layout_image&quot;:{&quot;url&quot;:&quot;&quot;,&quot;id&quot;:&quot;&quot;,&quot;size&quot;:&quot;&quot;},&quot;_id&quot;:&quot;e845943&quot;,&quot;jet_parallax_layout_image_tablet&quot;:{&quot;url&quot;:&quot;&quot;,&quot;id&quot;:&quot;&quot;,&quot;size&quot;:&quot;&quot;},&quot;jet_parallax_layout_image_mobile&quot;:{&quot;url&quot;:&quot;&quot;,&quot;id&quot;:&quot;&quot;,&quot;size&quot;:&quot;&quot;},&quot;jet_parallax_layout_speed&quot;:{&quot;unit&quot;:&quot;%&quot;,&quot;size&quot;:50,&quot;sizes&quot;:[]},&quot;jet_parallax_layout_type&quot;:&quot;scroll&quot;,&quot;jet_parallax_layout_direction&quot;:null,&quot;jet_parallax_layout_fx_direction&quot;:null,&quot;jet_parallax_layout_z_index&quot;:&quot;&quot;,&quot;jet_parallax_layout_bg_x&quot;:50,&quot;jet_parallax_layout_bg_x_tablet&quot;:&quot;&quot;,&quot;jet_parallax_layout_bg_x_mobile&quot;:&quot;&quot;,&quot;jet_parallax_layout_bg_y&quot;:50,&quot;jet_parallax_layout_bg_y_tablet&quot;:&quot;&quot;,&quot;jet_parallax_layout_bg_y_mobile&quot;:&quot;&quot;,&quot;jet_parallax_layout_bg_size&quot;:&quot;auto&quot;,&quot;jet_parallax_layout_bg_size_tablet&quot;:&quot;&quot;,&quot;jet_parallax_layout_bg_size_mobile&quot;:&quot;&quot;,&quot;jet_parallax_layout_animation_prop&quot;:&quot;transform&quot;,&quot;jet_parallax_layout_on&quot;:[&quot;desktop&quot;,&quot;tablet&quot;]}]}\">\n\t\t\t\t\t\t<div class=\"elementor-container elementor-column-gap-default\">\n\t\t\t\t\t<div class=\"elementor-column elementor-col-50 elementor-top-column elementor-element elementor-element-dbd6a14\" data-id=\"dbd6a14\" data-element_type=\"column\" data-e-type=\"column\">\n\t\t\t<div class=\"elementor-widget-wrap elementor-element-populated\">\n\t\t\t\t\t\t<div class=\"elementor-element elementor-element-1d4f555 elementor-widget elementor-widget-heading\" data-id=\"1d4f555\" data-element_type=\"widget\" data-e-type=\"widget\" data-widget_type=\"heading.default\">\n\t\t\t\t<div class=\"elementor-widget-container\">\n\t\t\t\t\t<h2 class=\"elementor-heading-title elementor-size-default\">Entdecken Sie unsere Publikationen<\/h2>\t\t\t\t<\/div>\n\t\t\t\t<\/div>\n\t\t\t\t<div class=\"elementor-element elementor-element-a5f2dac elementor-widget-divider--view-line elementor-widget elementor-widget-divider\" data-id=\"a5f2dac\" data-element_type=\"widget\" data-e-type=\"widget\" data-widget_type=\"divider.default\">\n\t\t\t\t<div class=\"elementor-widget-container\">\n\t\t\t\t\t\t\t<div class=\"elementor-divider\">\n\t\t\t<span class=\"elementor-divider-separator\">\n\t\t\t\t\t\t<\/span>\n\t\t<\/div>\n\t\t\t\t\t\t<\/div>\n\t\t\t\t<\/div>\n\t\t\t\t<div class=\"elementor-element elementor-element-c3e508f elementor-widget elementor-widget-text-editor\" data-id=\"c3e508f\" data-element_type=\"widget\" data-e-type=\"widget\" data-widget_type=\"text-editor.default\">\n\t\t\t\t<div class=\"elementor-widget-container\">\n\t\t\t\t\t\t\t\t\t<p>Unsere Publikationen finden Sie in der Datenbank der Universit\u00e4tsbibliothek der RWTH Aachen University. Dort k\u00f6nnen Sie auch gezielt suchen. Die Ergebnisse werden gruppiert dargestellt, z.B. f\u00fcr Open-Access Publikationen oder sortiert nach Fakult\u00e4ten, z.B. f\u00fcr die Fakult\u00e4t f\u00fcr Bauingenieurwesen (Fak. 3).<\/p>\t\t\t\t\t\t\t\t<\/div>\n\t\t\t\t<\/div>\n\t\t\t\t<div class=\"elementor-element elementor-element-4664544 elementor-widget elementor-widget-button\" data-id=\"4664544\" data-element_type=\"widget\" data-e-type=\"widget\" data-widget_type=\"button.default\">\n\t\t\t\t<div class=\"elementor-widget-container\">\n\t\t\t\t\t\t\t\t\t<div class=\"elementor-button-wrapper\">\n\t\t\t\t\t<a class=\"elementor-button elementor-button-link elementor-size-sm\" href=\"https:\/\/publications.rwth-aachen.de\/search?ln=de&#038;p=ins%3A+316520+OR+311320&#038;f=&#038;action_search=Suchen&#038;c=RWTH+Publications&#038;sf=&#038;so=d&#038;rm=&#038;rg=10&#038;sc=1&#038;of=gsbhtm\" target=\"_blank\">\n\t\t\t\t\t\t<span class=\"elementor-button-content-wrapper\">\n\t\t\t\t\t\t\t\t\t<span class=\"elementor-button-text\">Zu den Publikationen<\/span>\n\t\t\t\t\t<\/span>\n\t\t\t\t\t<\/a>\n\t\t\t\t<\/div>\n\t\t\t\t\t\t\t\t<\/div>\n\t\t\t\t<\/div>\n\t\t\t\t\t<\/div>\n\t\t<\/div>\n\t\t\t\t<div class=\"elementor-column elementor-col-50 elementor-top-column elementor-element elementor-element-33f0e36\" data-id=\"33f0e36\" data-element_type=\"column\" data-e-type=\"column\" data-settings=\"{&quot;background_background&quot;:&quot;classic&quot;}\">\n\t\t\t<div class=\"elementor-widget-wrap elementor-element-populated\">\n\t\t\t\t\t\t<div class=\"elementor-element elementor-element-c1db636 elementor-widget elementor-widget-bdt-device-slider\" data-id=\"c1db636\" data-element_type=\"widget\" data-e-type=\"widget\" data-widget_type=\"bdt-device-slider.default\">\n\t\t\t\t<div class=\"elementor-widget-container\">\n\t\t\t\t\t\t\t<div class=\"bdt-device-slider-container\">\n\t\t\t<div class=\"bdt-device-slider bdt-device-slider-desktop\">\n\t\t\t\t<div data-bdt-slideshow=\"{&quot;animation&quot;:&quot;slide&quot;,&quot;ratio&quot;:&quot;1280:720&quot;,&quot;autoplay&quot;:true,&quot;autoplay-interval&quot;:7000,&quot;velocity&quot;:1}\">\n\t\t\t\t\t<div class=\"bdt-position-relative bdt-visible-toggle\">\n\t\t\t\t\t\t<ul class=\"bdt-slideshow-items\">\n\t\t\t\t\t\t\t\n\t\t\t<li class=\"bdt-slideshow-item elementor-repeater-item-220ed98\" >\n\t\t\t\t\n\t\t\t\t\t\n\n\n\t\t\t\t\t\t<img decoding=\"async\" src=\"https:\/\/www.ibac-cp.rwth-aachen.de\/wp-content\/uploads\/2021\/10\/Screenshot-2021-10-07-at-10.58.20.png\" alt=\" Slide Item 1\" bdt-cover>\n\n\n\t\t\t\t\t\n\t\t\t\t\t\n\t\t\t\t\n\t\t\t\t\t\t<div\n\t\t\tclass=\"bdt-slideshow-content-wrapper bdt-position-z-index bdt-position-center bdt-position-large bdt-text-center\">\n\n\t\t\t\t\t\t\t<div>\n\t\t\t\t\t<h2 class=\"bdt-device-slider-title\n\t\t\t\t\t\tbdt-display-inline-block\" data-bdt-slideshow-parallax=\"x:300, -300\">\n\t\t\t\t\t\t\t\t\t\t\t\t\tSlide Item 1\t\t\t\t\t\t\t\t\t\t\t\t<\/h2>\n\t\t\t\t<\/div>\n\t\t\t\n\t\t<\/div>\n\t\t\t\t\t<\/li>\n\n\t\t\n\t\t\t<li class=\"bdt-slideshow-item elementor-repeater-item-f2bdfd3\" >\n\t\t\t\t\n\t\t\t\t\t\n\n\n\t\t\t\t\t\t<img decoding=\"async\" src=\"https:\/\/www.ibac-cp.rwth-aachen.de\/wp-content\/uploads\/2021\/10\/Screenshot-2021-10-07-at-10.58.29.png\" alt=\" Slide Item 1\" bdt-cover>\n\n\n\t\t\t\t\t\n\t\t\t\t\t\n\t\t\t\t\n\t\t\t\t\t\t<div\n\t\t\tclass=\"bdt-slideshow-content-wrapper bdt-position-z-index bdt-position-center bdt-position-large bdt-text-center\">\n\n\t\t\t\t\t\t\t<div>\n\t\t\t\t\t<h2 class=\"bdt-device-slider-title\n\t\t\t\t\t\tbdt-display-inline-block\" data-bdt-slideshow-parallax=\"x:300, -300\">\n\t\t\t\t\t\t\t\t\t\t\t\t\tSlide Item 1\t\t\t\t\t\t\t\t\t\t\t\t<\/h2>\n\t\t\t\t<\/div>\n\t\t\t\n\t\t<\/div>\n\t\t\t\t\t<\/li>\n\n\t\t\n\t\t\t<li class=\"bdt-slideshow-item elementor-repeater-item-23bdf91\" >\n\t\t\t\t\n\t\t\t\t\t\n\n\n\t\t\t\t\t\t<img decoding=\"async\" src=\"https:\/\/www.ibac-cp.rwth-aachen.de\/wp-content\/uploads\/2021\/10\/Screenshot-2021-10-07-at-10.58.37.png\" alt=\" Slide Item 1\" bdt-cover>\n\n\n\t\t\t\t\t\n\t\t\t\t\t\n\t\t\t\t\n\t\t\t\t\t\t<div\n\t\t\tclass=\"bdt-slideshow-content-wrapper bdt-position-z-index bdt-position-center bdt-position-large bdt-text-center\">\n\n\t\t\t\t\t\t\t<div>\n\t\t\t\t\t<h2 class=\"bdt-device-slider-title\n\t\t\t\t\t\tbdt-display-inline-block\" data-bdt-slideshow-parallax=\"x:300, -300\">\n\t\t\t\t\t\t\t\t\t\t\t\t\tSlide Item 1\t\t\t\t\t\t\t\t\t\t\t\t<\/h2>\n\t\t\t\t<\/div>\n\t\t\t\n\t\t<\/div>\n\t\t\t\t\t<\/li>\n\n\t\t\t\t\t\t\t\t<\/ul>\n\t\t\t\t\t\t\t\t\t\t\t\t\t<a class=\"bdt-navigation-arrows bdt-position-center-left bdt-position-small bdt-hidden-hover\" href=\"#\"\n\t\t\t\t\t\t\t\tdata-bdt-slideshow-item=\"previous\">\n\t\t\t\t\t\t\t\t<i class=\"ep-icon-arrow-left-5\"\n\t\t\t\t\t\t\t\t\taria-hidden=\"true\"><\/i>\n\t\t\t\t\t\t\t<\/a>\n\t\t\t\t\t\t\t<a class=\"bdt-navigation-arrows bdt-position-center-right bdt-position-small bdt-hidden-hover\" href=\"#\"\n\t\t\t\t\t\t\t\tdata-bdt-slideshow-item=\"next\">\n\t\t\t\t\t\t\t\t<i class=\"ep-icon-arrow-right-5\"\n\t\t\t\t\t\t\t\t\taria-hidden=\"true\"><\/i>\n\t\t\t\t\t\t\t<\/a>\n\t\t\t\t\t\t\n\n\t\t\t\t\t\t\t\t\t\t\t<\/div>\n\t\t\t\t<\/div>\n\t\t\t\t<div class=\"bdt-device-slider-device\">\n\t\t\t\t\t\t\t\t\t\t\t\t\t\t\t\t\t\t<img decoding=\"async\" src=\"https:\/\/www.ibac-cp.rwth-aachen.de\/wp-content\/plugins\/bdthemes-element-pack\/assets\/images\/devices\/desktop.svg\" alt=\"Device Slider\">\n\t\t\t\t\t\t\t\t\t\t\t\n\t\t\t\t\t\n\t\t\t\t\t\n\t\t\t\t<\/div>\n\t\t\t<\/div>\n\t\t<\/div>\n\t\t\t\t\t\t<\/div>\n\t\t\t\t<\/div>\n\t\t\t\t\t<\/div>\n\t\t<\/div>\n\t\t\t\t\t<\/div>\n\t\t<\/section>\n\t\t\t\t<\/div>\n\t\t","protected":false},"excerpt":{"rendered":"<p>Entdecken Sie unsere Publikationen Unsere Publikationen finden Sie in der Datenbank der Universit\u00e4tsbibliothek der RWTH Aachen University. Dort k\u00f6nnen Sie auch gezielt suchen. Die Ergebnisse werden gruppiert dargestellt, z.B. f\u00fcr Open-Access Publikationen oder sortiert nach Fakult\u00e4ten, z.B. f\u00fcr die Fakult\u00e4t f\u00fcr Bauingenieurwesen (Fak. 3). Zu den Publikationen Slide Item 1 Slide Item 1 Slide Item [&hellip;]<\/p>\n","protected":false},"author":1,"featured_media":0,"parent":0,"menu_order":0,"comment_status":"closed","ping_status":"closed","template":"","meta":{"cybocfi_hide_featured_image":"","footnotes":""},"class_list":["post-479","page","type-page","status-publish","hentry"],"_links":{"self":[{"href":"https:\/\/www.ibac-cp.rwth-aachen.de\/en\/wp-json\/wp\/v2\/pages\/479","targetHints":{"allow":["GET"]}}],"collection":[{"href":"https:\/\/www.ibac-cp.rwth-aachen.de\/en\/wp-json\/wp\/v2\/pages"}],"about":[{"href":"https:\/\/www.ibac-cp.rwth-aachen.de\/en\/wp-json\/wp\/v2\/types\/page"}],"author":[{"embeddable":true,"href":"https:\/\/www.ibac-cp.rwth-aachen.de\/en\/wp-json\/wp\/v2\/users\/1"}],"replies":[{"embeddable":true,"href":"https:\/\/www.ibac-cp.rwth-aachen.de\/en\/wp-json\/wp\/v2\/comments?post=479"}],"version-history":[{"count":25,"href":"https:\/\/www.ibac-cp.rwth-aachen.de\/en\/wp-json\/wp\/v2\/pages\/479\/revisions"}],"predecessor-version":[{"id":1079,"href":"https:\/\/www.ibac-cp.rwth-aachen.de\/en\/wp-json\/wp\/v2\/pages\/479\/revisions\/1079"}],"wp:attachment":[{"href":"https:\/\/www.ibac-cp.rwth-aachen.de\/en\/wp-json\/wp\/v2\/media?parent=479"}],"curies":[{"name":"wp","href":"https:\/\/api.w.org\/{rel}","templated":true}]}}