{"id":7,"date":"2021-08-30T15:57:13","date_gmt":"2021-08-30T13:57:13","guid":{"rendered":"https:\/\/ibac.pwdev.de\/?page_id=7"},"modified":"2022-06-27T09:21:58","modified_gmt":"2022-06-27T07:21:58","slug":"home","status":"publish","type":"page","link":"https:\/\/www.ibac-cp.rwth-aachen.de\/en\/home\/","title":{"rendered":"Home"},"content":{"rendered":"\t\t<div data-elementor-type=\"wp-page\" data-elementor-id=\"7\" class=\"elementor elementor-7\" data-elementor-post-type=\"page\">\n\t\t\t\t\t\t<section class=\"elementor-section elementor-top-section elementor-element elementor-element-3dbde8f elementor-section-height-min-height elementor-section-boxed elementor-section-height-default elementor-section-items-middle\" data-id=\"3dbde8f\" data-element_type=\"section\" data-e-type=\"section\" data-settings=\"{&quot;background_background&quot;:&quot;slideshow&quot;,&quot;background_slideshow_gallery&quot;:[{&quot;id&quot;:10,&quot;url&quot;:&quot;https:\\\/\\\/www.ibac-cp.rwth-aachen.de\\\/wp-content\\\/uploads\\\/2021\\\/08\\\/Screenshot-2021-08-30-at-18.16.16.png&quot;},{&quot;id&quot;:11,&quot;url&quot;:&quot;https:\\\/\\\/www.ibac-cp.rwth-aachen.de\\\/wp-content\\\/uploads\\\/2021\\\/08\\\/Screenshot-2021-08-30-at-18.18.09.png&quot;}],&quot;jet_parallax_layout_list&quot;:[{&quot;jet_parallax_layout_image&quot;:{&quot;url&quot;:&quot;&quot;,&quot;id&quot;:&quot;&quot;,&quot;size&quot;:&quot;&quot;},&quot;_id&quot;:&quot;d365e9a&quot;,&quot;jet_parallax_layout_image_tablet&quot;:{&quot;url&quot;:&quot;&quot;,&quot;id&quot;:&quot;&quot;,&quot;size&quot;:&quot;&quot;},&quot;jet_parallax_layout_image_mobile&quot;:{&quot;url&quot;:&quot;&quot;,&quot;id&quot;:&quot;&quot;,&quot;size&quot;:&quot;&quot;},&quot;jet_parallax_layout_speed&quot;:{&quot;unit&quot;:&quot;%&quot;,&quot;size&quot;:50,&quot;sizes&quot;:[]},&quot;jet_parallax_layout_type&quot;:&quot;scroll&quot;,&quot;jet_parallax_layout_direction&quot;:null,&quot;jet_parallax_layout_fx_direction&quot;:null,&quot;jet_parallax_layout_z_index&quot;:&quot;&quot;,&quot;jet_parallax_layout_bg_x&quot;:50,&quot;jet_parallax_layout_bg_x_tablet&quot;:&quot;&quot;,&quot;jet_parallax_layout_bg_x_mobile&quot;:&quot;&quot;,&quot;jet_parallax_layout_bg_y&quot;:50,&quot;jet_parallax_layout_bg_y_tablet&quot;:&quot;&quot;,&quot;jet_parallax_layout_bg_y_mobile&quot;:&quot;&quot;,&quot;jet_parallax_layout_bg_size&quot;:&quot;auto&quot;,&quot;jet_parallax_layout_bg_size_tablet&quot;:&quot;&quot;,&quot;jet_parallax_layout_bg_size_mobile&quot;:&quot;&quot;,&quot;jet_parallax_layout_animation_prop&quot;:&quot;transform&quot;,&quot;jet_parallax_layout_on&quot;:[&quot;desktop&quot;,&quot;tablet&quot;]}],&quot;background_slideshow_loop&quot;:&quot;yes&quot;,&quot;background_slideshow_slide_duration&quot;:5000,&quot;background_slideshow_slide_transition&quot;:&quot;fade&quot;,&quot;background_slideshow_transition_duration&quot;:500}\">\n\t\t\t\t\t\t<div class=\"elementor-container elementor-column-gap-default\">\n\t\t\t\t\t<div class=\"elementor-column elementor-col-100 elementor-top-column elementor-element elementor-element-f69aec6\" data-id=\"f69aec6\" data-element_type=\"column\" data-e-type=\"column\">\n\t\t\t<div class=\"elementor-widget-wrap elementor-element-populated\">\n\t\t\t\t\t\t<div class=\"elementor-element elementor-element-6236e38 elementor-widget elementor-widget-spacer\" data-id=\"6236e38\" data-element_type=\"widget\" data-e-type=\"widget\" data-widget_type=\"spacer.default\">\n\t\t\t\t<div class=\"elementor-widget-container\">\n\t\t\t\t\t\t\t<div class=\"elementor-spacer\">\n\t\t\t<div class=\"elementor-spacer-inner\"><\/div>\n\t\t<\/div>\n\t\t\t\t\t\t<\/div>\n\t\t\t\t<\/div>\n\t\t\t\t\t<\/div>\n\t\t<\/div>\n\t\t\t\t\t<\/div>\n\t\t<\/section>\n\t\t\t\t<section class=\"elementor-section elementor-top-section elementor-element elementor-element-eb18255 elementor-section-boxed elementor-section-height-default elementor-section-height-default\" data-id=\"eb18255\" data-element_type=\"section\" data-e-type=\"section\" data-settings=\"{&quot;jet_parallax_layout_list&quot;:[{&quot;jet_parallax_layout_image&quot;:{&quot;url&quot;:&quot;&quot;,&quot;id&quot;:&quot;&quot;,&quot;size&quot;:&quot;&quot;},&quot;_id&quot;:&quot;246227b&quot;,&quot;jet_parallax_layout_image_tablet&quot;:{&quot;url&quot;:&quot;&quot;,&quot;id&quot;:&quot;&quot;,&quot;size&quot;:&quot;&quot;},&quot;jet_parallax_layout_image_mobile&quot;:{&quot;url&quot;:&quot;&quot;,&quot;id&quot;:&quot;&quot;,&quot;size&quot;:&quot;&quot;},&quot;jet_parallax_layout_speed&quot;:{&quot;unit&quot;:&quot;%&quot;,&quot;size&quot;:50,&quot;sizes&quot;:[]},&quot;jet_parallax_layout_type&quot;:&quot;scroll&quot;,&quot;jet_parallax_layout_direction&quot;:null,&quot;jet_parallax_layout_fx_direction&quot;:null,&quot;jet_parallax_layout_z_index&quot;:&quot;&quot;,&quot;jet_parallax_layout_bg_x&quot;:50,&quot;jet_parallax_layout_bg_x_tablet&quot;:&quot;&quot;,&quot;jet_parallax_layout_bg_x_mobile&quot;:&quot;&quot;,&quot;jet_parallax_layout_bg_y&quot;:50,&quot;jet_parallax_layout_bg_y_tablet&quot;:&quot;&quot;,&quot;jet_parallax_layout_bg_y_mobile&quot;:&quot;&quot;,&quot;jet_parallax_layout_bg_size&quot;:&quot;auto&quot;,&quot;jet_parallax_layout_bg_size_tablet&quot;:&quot;&quot;,&quot;jet_parallax_layout_bg_size_mobile&quot;:&quot;&quot;,&quot;jet_parallax_layout_animation_prop&quot;:&quot;transform&quot;,&quot;jet_parallax_layout_on&quot;:[&quot;desktop&quot;,&quot;tablet&quot;]}]}\">\n\t\t\t\t\t\t<div class=\"elementor-container elementor-column-gap-default\">\n\t\t\t\t\t<div class=\"elementor-column elementor-col-50 elementor-top-column elementor-element elementor-element-4d7d1e0\" data-id=\"4d7d1e0\" data-element_type=\"column\" data-e-type=\"column\">\n\t\t\t<div class=\"elementor-widget-wrap elementor-element-populated\">\n\t\t\t\t\t\t<div class=\"elementor-element elementor-element-279be6e elementor-widget elementor-widget-heading\" data-id=\"279be6e\" data-element_type=\"widget\" data-e-type=\"widget\" data-widget_type=\"heading.default\">\n\t\t\t\t<div class=\"elementor-widget-container\">\n\t\t\t\t\t<h2 class=\"elementor-heading-title elementor-size-default\">\u00dcber uns<\/h2>\t\t\t\t<\/div>\n\t\t\t\t<\/div>\n\t\t\t\t<div class=\"elementor-element elementor-element-828b402 elementor-widget-divider--view-line elementor-widget elementor-widget-divider\" data-id=\"828b402\" data-element_type=\"widget\" data-e-type=\"widget\" data-widget_type=\"divider.default\">\n\t\t\t\t<div class=\"elementor-widget-container\">\n\t\t\t\t\t\t\t<div class=\"elementor-divider\">\n\t\t\t<span class=\"elementor-divider-separator\">\n\t\t\t\t\t\t<\/span>\n\t\t<\/div>\n\t\t\t\t\t\t<\/div>\n\t\t\t\t<\/div>\n\t\t\t\t<div class=\"elementor-element elementor-element-a1cfb09 elementor-widget elementor-widget-text-editor\" data-id=\"a1cfb09\" data-element_type=\"widget\" data-e-type=\"widget\" data-widget_type=\"text-editor.default\">\n\t\t\t\t<div class=\"elementor-widget-container\">\n\t\t\t\t\t\t\t\t\t<p>Das Institut f\u00fcr Baustoffforschung der RWTH Aachen University (ibac) hat sich seit seiner Gr\u00fcndung im Jahre 1948 im Gebiet der Baustoff-Forschung zu einer international f\u00fchrenden und anerkannten Plattform entwickelt. Das Spektrum reicht von angewandter Forschung und Entwicklung, h\u00e4ufig in Kooperation mit Industriepartnern bis hin zur wissenschaftlichen Grundlagenforschung. Die RWTH Aachen University bietet daf\u00fcr ein ideales Umfeld.<\/p><p>Das ibac hat sich 2014 deutlich vergr\u00f6\u00dfert und ist auf 3 Professuren und eine Juniorprofessur angewachsen.\u00a0Die sich daraus ergebenden organisatorischen Ver\u00e4nderungen haben\u00a0dazu gef\u00fchrt,\u00a0dass die Einheiten des ibac mit eigenen Internetangeboten auftreten. Hier finden Sie die gemeinsamen Seiten der Lehr- und Forschungsgebiete Bauwerkserhaltung und -Instandsetzung (Professor Raupach) und Strukturelle Polymerkomposite im Bauwesen (Professor Weichold).<\/p>\t\t\t\t\t\t\t\t<\/div>\n\t\t\t\t<\/div>\n\t\t\t\t\t<\/div>\n\t\t<\/div>\n\t\t\t\t<div class=\"elementor-column elementor-col-50 elementor-top-column elementor-element elementor-element-0347573\" data-id=\"0347573\" data-element_type=\"column\" data-e-type=\"column\">\n\t\t\t<div class=\"elementor-widget-wrap elementor-element-populated\">\n\t\t\t\t\t\t<div class=\"elementor-element elementor-element-cb62cfe elementor-widget elementor-widget-image\" data-id=\"cb62cfe\" data-element_type=\"widget\" data-e-type=\"widget\" data-widget_type=\"image.default\">\n\t\t\t\t<div class=\"elementor-widget-container\">\n\t\t\t\t\t\t\t\t\t\t\t\t\t\t\t<img fetchpriority=\"high\" decoding=\"async\" width=\"750\" height=\"495\" src=\"https:\/\/www.ibac-cp.rwth-aachen.de\/wp-content\/uploads\/2021\/08\/Screenshot-2021-08-30-at-19.20.02.png\" class=\"attachment-large size-large wp-image-51\" alt=\"\" srcset=\"https:\/\/www.ibac-cp.rwth-aachen.de\/wp-content\/uploads\/2021\/08\/Screenshot-2021-08-30-at-19.20.02.png 750w, https:\/\/www.ibac-cp.rwth-aachen.de\/wp-content\/uploads\/2021\/08\/Screenshot-2021-08-30-at-19.20.02-300x198.png 300w\" sizes=\"(max-width: 750px) 100vw, 750px\" \/>\t\t\t\t\t\t\t\t\t\t\t\t\t\t\t<\/div>\n\t\t\t\t<\/div>\n\t\t\t\t\t<\/div>\n\t\t<\/div>\n\t\t\t\t\t<\/div>\n\t\t<\/section>\n\t\t\t\t<section class=\"elementor-section elementor-top-section elementor-element elementor-element-8d84f5a elementor-section-boxed elementor-section-height-default elementor-section-height-default\" data-id=\"8d84f5a\" data-element_type=\"section\" data-e-type=\"section\" data-settings=\"{&quot;background_background&quot;:&quot;classic&quot;,&quot;jet_parallax_layout_list&quot;:[{&quot;jet_parallax_layout_image&quot;:{&quot;url&quot;:&quot;&quot;,&quot;id&quot;:&quot;&quot;,&quot;size&quot;:&quot;&quot;},&quot;_id&quot;:&quot;07fc8fe&quot;,&quot;jet_parallax_layout_image_tablet&quot;:{&quot;url&quot;:&quot;&quot;,&quot;id&quot;:&quot;&quot;,&quot;size&quot;:&quot;&quot;},&quot;jet_parallax_layout_image_mobile&quot;:{&quot;url&quot;:&quot;&quot;,&quot;id&quot;:&quot;&quot;,&quot;size&quot;:&quot;&quot;},&quot;jet_parallax_layout_speed&quot;:{&quot;unit&quot;:&quot;%&quot;,&quot;size&quot;:50,&quot;sizes&quot;:[]},&quot;jet_parallax_layout_type&quot;:&quot;scroll&quot;,&quot;jet_parallax_layout_direction&quot;:null,&quot;jet_parallax_layout_fx_direction&quot;:null,&quot;jet_parallax_layout_z_index&quot;:&quot;&quot;,&quot;jet_parallax_layout_bg_x&quot;:50,&quot;jet_parallax_layout_bg_x_tablet&quot;:&quot;&quot;,&quot;jet_parallax_layout_bg_x_mobile&quot;:&quot;&quot;,&quot;jet_parallax_layout_bg_y&quot;:50,&quot;jet_parallax_layout_bg_y_tablet&quot;:&quot;&quot;,&quot;jet_parallax_layout_bg_y_mobile&quot;:&quot;&quot;,&quot;jet_parallax_layout_bg_size&quot;:&quot;auto&quot;,&quot;jet_parallax_layout_bg_size_tablet&quot;:&quot;&quot;,&quot;jet_parallax_layout_bg_size_mobile&quot;:&quot;&quot;,&quot;jet_parallax_layout_animation_prop&quot;:&quot;transform&quot;,&quot;jet_parallax_layout_on&quot;:[&quot;desktop&quot;,&quot;tablet&quot;]}]}\">\n\t\t\t\t\t\t<div class=\"elementor-container elementor-column-gap-default\">\n\t\t\t\t\t<div class=\"elementor-column elementor-col-100 elementor-top-column elementor-element elementor-element-86482b1\" data-id=\"86482b1\" data-element_type=\"column\" data-e-type=\"column\">\n\t\t\t<div class=\"elementor-widget-wrap elementor-element-populated\">\n\t\t\t\t\t\t<div class=\"elementor-element elementor-element-dfa8bcd elementor-widget elementor-widget-heading\" data-id=\"dfa8bcd\" data-element_type=\"widget\" data-e-type=\"widget\" data-widget_type=\"heading.default\">\n\t\t\t\t<div class=\"elementor-widget-container\">\n\t\t\t\t\t<h2 class=\"elementor-heading-title elementor-size-default\">Letzte Neuigkeiten<\/h2>\t\t\t\t<\/div>\n\t\t\t\t<\/div>\n\t\t\t\t<div class=\"elementor-element elementor-element-55bdf03 elementor-widget-divider--view-line elementor-widget elementor-widget-divider\" data-id=\"55bdf03\" data-element_type=\"widget\" data-e-type=\"widget\" data-widget_type=\"divider.default\">\n\t\t\t\t<div class=\"elementor-widget-container\">\n\t\t\t\t\t\t\t<div class=\"elementor-divider\">\n\t\t\t<span class=\"elementor-divider-separator\">\n\t\t\t\t\t\t<\/span>\n\t\t<\/div>\n\t\t\t\t\t\t<\/div>\n\t\t\t\t<\/div>\n\t\t\t\t<div class=\"elementor-element elementor-element-a2279d4 elementor-grid-3 elementor-grid-tablet-2 elementor-grid-mobile-1 elementor-posts--thumbnail-top elementor-card-shadow-yes elementor-posts__hover-gradient elementor-widget elementor-widget-posts\" data-id=\"a2279d4\" data-element_type=\"widget\" data-e-type=\"widget\" data-settings=\"{&quot;cards_columns&quot;:&quot;3&quot;,&quot;cards_columns_tablet&quot;:&quot;2&quot;,&quot;cards_columns_mobile&quot;:&quot;1&quot;,&quot;cards_row_gap&quot;:{&quot;unit&quot;:&quot;px&quot;,&quot;size&quot;:35,&quot;sizes&quot;:[]},&quot;cards_row_gap_tablet&quot;:{&quot;unit&quot;:&quot;px&quot;,&quot;size&quot;:&quot;&quot;,&quot;sizes&quot;:[]},&quot;cards_row_gap_mobile&quot;:{&quot;unit&quot;:&quot;px&quot;,&quot;size&quot;:&quot;&quot;,&quot;sizes&quot;:[]}}\" data-widget_type=\"posts.cards\">\n\t\t\t\t<div class=\"elementor-widget-container\">\n\t\t\t\t\t\t\t<div class=\"elementor-posts-container elementor-posts elementor-posts--skin-cards elementor-grid\" role=\"list\">\n\t\t\t\t<article class=\"elementor-post elementor-grid-item post-4198 post type-post status-publish format-standard has-post-thumbnail hentry category-aktuelles category-landingpage\" role=\"listitem\">\n\t\t\t<div class=\"elementor-post__card\">\n\t\t\t\t<a class=\"elementor-post__thumbnail__link\" href=\"https:\/\/www.ibac-cp.rwth-aachen.de\/en\/aktuelles\/2026\/4198\/\" tabindex=\"-1\" ><div class=\"elementor-post__thumbnail\"><img decoding=\"async\" width=\"1666\" height=\"937\" src=\"https:\/\/www.ibac-cp.rwth-aachen.de\/wp-content\/uploads\/2026\/01\/RegConf-002.png\" class=\"attachment-full size-full wp-image-4237\" alt=\"\" srcset=\"https:\/\/www.ibac-cp.rwth-aachen.de\/wp-content\/uploads\/2026\/01\/RegConf-002.png 1666w, https:\/\/www.ibac-cp.rwth-aachen.de\/wp-content\/uploads\/2026\/01\/RegConf-002-300x169.png 300w, https:\/\/www.ibac-cp.rwth-aachen.de\/wp-content\/uploads\/2026\/01\/RegConf-002-1024x576.png 1024w, https:\/\/www.ibac-cp.rwth-aachen.de\/wp-content\/uploads\/2026\/01\/RegConf-002-768x432.png 768w, https:\/\/www.ibac-cp.rwth-aachen.de\/wp-content\/uploads\/2026\/01\/RegConf-002-1536x864.png 1536w, https:\/\/www.ibac-cp.rwth-aachen.de\/wp-content\/uploads\/2026\/01\/RegConf-002-18x10.png 18w, https:\/\/www.ibac-cp.rwth-aachen.de\/wp-content\/uploads\/2026\/01\/RegConf-002-24x13.png 24w, https:\/\/www.ibac-cp.rwth-aachen.de\/wp-content\/uploads\/2026\/01\/RegConf-002-36x20.png 36w, https:\/\/www.ibac-cp.rwth-aachen.de\/wp-content\/uploads\/2026\/01\/RegConf-002-48x27.png 48w\" sizes=\"(max-width: 1666px) 100vw, 1666px\" \/><\/div><\/a>\n\t\t\t\t<div class=\"elementor-post__text\">\n\t\t\t\t<h3 class=\"elementor-post__title\">\n\t\t\t<a href=\"https:\/\/www.ibac-cp.rwth-aachen.de\/en\/aktuelles\/2026\/4198\/\" >\n\t\t\t\tAachener Baustofftag 2026\t\t\t<\/a>\n\t\t<\/h3>\n\t\t\t\t<div class=\"elementor-post__excerpt\">\n\t\t\t<p>Nach einer Pause im Jahr 2025 freuen wir uns, Sie zu unserem Baustofftag am 28. April 2026 einzuladen! Thema der Veranstaltung wird sein: &#8222;Materialminimiertes und<\/p>\n\t\t<\/div>\n\t\t\n\t\t<a class=\"elementor-post__read-more\" href=\"https:\/\/www.ibac-cp.rwth-aachen.de\/en\/aktuelles\/2026\/4198\/\" aria-label=\"Read more about Aachener Baustofftag 2026\" tabindex=\"-1\" >\n\t\t\tMehr erfahren \u00bb\t\t<\/a>\n\n\t\t\t\t<\/div>\n\t\t\t\t\t<\/div>\n\t\t<\/article>\n\t\t\t\t<article class=\"elementor-post elementor-grid-item post-3731 post type-post status-publish format-standard has-post-thumbnail hentry category-aktuelles\" role=\"listitem\">\n\t\t\t<div class=\"elementor-post__card\">\n\t\t\t\t<a class=\"elementor-post__thumbnail__link\" href=\"https:\/\/www.ibac-cp.rwth-aachen.de\/en\/aktuelles\/2024\/weihnachtsgruss-aus-dem-ibac-christmas-greetings-from-ibac\/\" tabindex=\"-1\" ><div class=\"elementor-post__thumbnail\"><img decoding=\"async\" width=\"1463\" height=\"1012\" src=\"https:\/\/www.ibac-cp.rwth-aachen.de\/wp-content\/uploads\/2024\/12\/Weihnachtskarte-ibac-2024.png\" class=\"attachment-full size-full wp-image-3732\" alt=\"\" srcset=\"https:\/\/www.ibac-cp.rwth-aachen.de\/wp-content\/uploads\/2024\/12\/Weihnachtskarte-ibac-2024.png 1463w, https:\/\/www.ibac-cp.rwth-aachen.de\/wp-content\/uploads\/2024\/12\/Weihnachtskarte-ibac-2024-300x208.png 300w, https:\/\/www.ibac-cp.rwth-aachen.de\/wp-content\/uploads\/2024\/12\/Weihnachtskarte-ibac-2024-1024x708.png 1024w, https:\/\/www.ibac-cp.rwth-aachen.de\/wp-content\/uploads\/2024\/12\/Weihnachtskarte-ibac-2024-768x531.png 768w, https:\/\/www.ibac-cp.rwth-aachen.de\/wp-content\/uploads\/2024\/12\/Weihnachtskarte-ibac-2024-18x12.png 18w, https:\/\/www.ibac-cp.rwth-aachen.de\/wp-content\/uploads\/2024\/12\/Weihnachtskarte-ibac-2024-24x17.png 24w, https:\/\/www.ibac-cp.rwth-aachen.de\/wp-content\/uploads\/2024\/12\/Weihnachtskarte-ibac-2024-36x25.png 36w, https:\/\/www.ibac-cp.rwth-aachen.de\/wp-content\/uploads\/2024\/12\/Weihnachtskarte-ibac-2024-48x33.png 48w\" sizes=\"(max-width: 1463px) 100vw, 1463px\" \/><\/div><\/a>\n\t\t\t\t<div class=\"elementor-post__text\">\n\t\t\t\t<h3 class=\"elementor-post__title\">\n\t\t\t<a href=\"https:\/\/www.ibac-cp.rwth-aachen.de\/en\/aktuelles\/2024\/weihnachtsgruss-aus-dem-ibac-christmas-greetings-from-ibac\/\" >\n\t\t\t\tWeihnachtsgru\u00df aus dem ibac \/ Christmas greetings from ibac\t\t\t<\/a>\n\t\t<\/h3>\n\t\t\t\t<div class=\"elementor-post__excerpt\">\n\t\t\t<p>Sehr geehrte Damen und Herren, liebe Partner und Freunde des Instituts f\u00fcr Baustoffforschung, das Jahr 2024 geht zu Ende, und wir m\u00f6chten die Gelegenheit nutzen,<\/p>\n\t\t<\/div>\n\t\t\n\t\t<a class=\"elementor-post__read-more\" href=\"https:\/\/www.ibac-cp.rwth-aachen.de\/en\/aktuelles\/2024\/weihnachtsgruss-aus-dem-ibac-christmas-greetings-from-ibac\/\" aria-label=\"Read more about Weihnachtsgru\u00df aus dem ibac \/ Christmas greetings from ibac\" tabindex=\"-1\" >\n\t\t\tMehr erfahren \u00bb\t\t<\/a>\n\n\t\t\t\t<\/div>\n\t\t\t\t\t<\/div>\n\t\t<\/article>\n\t\t\t\t<article class=\"elementor-post elementor-grid-item post-3655 post type-post status-publish format-standard hentry category-aktuelles category-landingpage\" role=\"listitem\">\n\t\t\t<div class=\"elementor-post__card\">\n\t\t\t\t<div class=\"elementor-post__text\">\n\t\t\t\t<h3 class=\"elementor-post__title\">\n\t\t\t<a href=\"https:\/\/www.ibac-cp.rwth-aachen.de\/en\/aktuelles\/2024\/elementor-3655\/\" >\n\t\t\t\tNils M\u00fcnstermann erh\u00e4lt Preis\t\t\t<\/a>\n\t\t<\/h3>\n\t\t\t\t<div class=\"elementor-post__excerpt\">\n\t\t\t<p>Nils M\u00fcnstermann aus der AG9 erh\u00e4lt auf der Polymers for Sustainable Future 2024 Konferenz in Prag den Posterpreis f\u00fcr seinen Beitrag \u201eChitosan-Based Coatings for the<\/p>\n\t\t<\/div>\n\t\t\n\t\t<a class=\"elementor-post__read-more\" href=\"https:\/\/www.ibac-cp.rwth-aachen.de\/en\/aktuelles\/2024\/elementor-3655\/\" aria-label=\"Read more about Nils M\u00fcnstermann erh\u00e4lt Preis\" tabindex=\"-1\" >\n\t\t\tMehr erfahren \u00bb\t\t<\/a>\n\n\t\t\t\t<\/div>\n\t\t\t\t\t<\/div>\n\t\t<\/article>\n\t\t\t\t<article class=\"elementor-post elementor-grid-item post-3592 post type-post status-publish format-standard hentry category-aktuelles\" role=\"listitem\">\n\t\t\t<div class=\"elementor-post__card\">\n\t\t\t\t<div class=\"elementor-post__text\">\n\t\t\t\t<h3 class=\"elementor-post__title\">\n\t\t\t<a href=\"https:\/\/www.ibac-cp.rwth-aachen.de\/en\/aktuelles\/2023\/save-the-date-63-abt-buev-fortbildung-am-14-15-11-2024\/\" >\n\t\t\t\t63. ABT &amp; B\u00dcV Fortbildung am 14.\/15.11.2024\t\t\t<\/a>\n\t\t<\/h3>\n\t\t\t\t<div class=\"elementor-post__excerpt\">\n\t\t\t<p>Sehr geehrte Damen und Herren, am 14. und 15.11.2024 findet in Aachen unser 63. Aachener Baustofftag statt, dieses Jahr wieder mit einer B\u00dcV Fortbildung. Weitere<\/p>\n\t\t<\/div>\n\t\t\n\t\t<a class=\"elementor-post__read-more\" href=\"https:\/\/www.ibac-cp.rwth-aachen.de\/en\/aktuelles\/2023\/save-the-date-63-abt-buev-fortbildung-am-14-15-11-2024\/\" aria-label=\"Read more about 63. ABT &amp; B\u00dcV Fortbildung am 14.\/15.11.2024\" tabindex=\"-1\" >\n\t\t\tMehr erfahren \u00bb\t\t<\/a>\n\n\t\t\t\t<\/div>\n\t\t\t\t\t<\/div>\n\t\t<\/article>\n\t\t\t\t<article class=\"elementor-post elementor-grid-item post-3541 post type-post status-publish format-standard hentry category-aktuelles category-landingpage\" role=\"listitem\">\n\t\t\t<div class=\"elementor-post__card\">\n\t\t\t\t<div class=\"elementor-post__text\">\n\t\t\t\t<h3 class=\"elementor-post__title\">\n\t\t\t<a href=\"https:\/\/www.ibac-cp.rwth-aachen.de\/en\/aktuelles\/2023\/19-betonkanuregatta-save-the-date\/\" >\n\t\t\t\t19. Betonkanuregatta &#8211; Save the date\t\t\t<\/a>\n\t\t<\/h3>\n\t\t\t\t<div class=\"elementor-post__excerpt\">\n\t\t\t<p>Am 14. und 15. Juni 2024 findet die 19. Betonkanuregatta in Brandenburg an der Havel statt.<\/p>\n<p>Das ibac nimmt zusammen mit dem Institut f\u00fcr Massivbau (IMB) an dieser Veranstaltung teil.<\/p>\n\t\t<\/div>\n\t\t\n\t\t<a class=\"elementor-post__read-more\" href=\"https:\/\/www.ibac-cp.rwth-aachen.de\/en\/aktuelles\/2023\/19-betonkanuregatta-save-the-date\/\" aria-label=\"Read more about 19. Betonkanuregatta &#8211; Save the date\" tabindex=\"-1\" >\n\t\t\tMehr erfahren \u00bb\t\t<\/a>\n\n\t\t\t\t<\/div>\n\t\t\t\t\t<\/div>\n\t\t<\/article>\n\t\t\t\t<article class=\"elementor-post elementor-grid-item post-3436 post type-post status-publish format-standard has-post-thumbnail hentry category-aktuelles category-landingpage\" role=\"listitem\">\n\t\t\t<div class=\"elementor-post__card\">\n\t\t\t\t<a class=\"elementor-post__thumbnail__link\" href=\"https:\/\/www.ibac-cp.rwth-aachen.de\/en\/aktuelles\/2023\/bim-championship-2023-das-ibac-im-finale\/\" tabindex=\"-1\" ><div class=\"elementor-post__thumbnail\"><img loading=\"lazy\" decoding=\"async\" width=\"910\" height=\"511\" src=\"https:\/\/www.ibac-cp.rwth-aachen.de\/wp-content\/uploads\/2023\/05\/BIM_Champions_Pokale_bSD.jpg\" class=\"attachment-full size-full wp-image-3441\" alt=\"BIM Championship Pokale\" srcset=\"https:\/\/www.ibac-cp.rwth-aachen.de\/wp-content\/uploads\/2023\/05\/BIM_Champions_Pokale_bSD.jpg 910w, https:\/\/www.ibac-cp.rwth-aachen.de\/wp-content\/uploads\/2023\/05\/BIM_Champions_Pokale_bSD-300x168.jpg 300w, https:\/\/www.ibac-cp.rwth-aachen.de\/wp-content\/uploads\/2023\/05\/BIM_Champions_Pokale_bSD-768x431.jpg 768w, https:\/\/www.ibac-cp.rwth-aachen.de\/wp-content\/uploads\/2023\/05\/BIM_Champions_Pokale_bSD-18x10.jpg 18w\" sizes=\"(max-width: 910px) 100vw, 910px\" \/><\/div><\/a>\n\t\t\t\t<div class=\"elementor-post__text\">\n\t\t\t\t<h3 class=\"elementor-post__title\">\n\t\t\t<a href=\"https:\/\/www.ibac-cp.rwth-aachen.de\/en\/aktuelles\/2023\/bim-championship-2023-das-ibac-im-finale\/\" >\n\t\t\t\tBIM Championship 2023 &#8211; Das ibac im Finale\t\t\t<\/a>\n\t\t<\/h3>\n\t\t\t\t<div class=\"elementor-post__excerpt\">\n\t\t\t<p>Am 09.05.2023 veranstaltete buildingSMART als Vorprogramm des BIM-Anwendertages die Ehrung der BIM Champions 2023 in Stuttgart. \u00a0 Das ibac hatte einen Wettbewerbsbeitrag eingereicht und ist<\/p>\n\t\t<\/div>\n\t\t\n\t\t<a class=\"elementor-post__read-more\" href=\"https:\/\/www.ibac-cp.rwth-aachen.de\/en\/aktuelles\/2023\/bim-championship-2023-das-ibac-im-finale\/\" aria-label=\"Read more about BIM Championship 2023 &#8211; Das ibac im Finale\" tabindex=\"-1\" >\n\t\t\tMehr erfahren \u00bb\t\t<\/a>\n\n\t\t\t\t<\/div>\n\t\t\t\t\t<\/div>\n\t\t<\/article>\n\t\t\t\t<\/div>\n\t\t\n\t\t\t\t\t\t<\/div>\n\t\t\t\t<\/div>\n\t\t\t\t\t<\/div>\n\t\t<\/div>\n\t\t\t\t\t<\/div>\n\t\t<\/section>\n\t\t\t\t<\/div>\n\t\t","protected":false},"excerpt":{"rendered":"<p>\u00dcber uns Das Institut f\u00fcr Baustoffforschung der RWTH Aachen University (ibac) hat sich seit seiner Gr\u00fcndung im Jahre 1948 im Gebiet der Baustoff-Forschung zu einer international f\u00fchrenden und anerkannten Plattform entwickelt. Das Spektrum reicht von angewandter Forschung und Entwicklung, h\u00e4ufig in Kooperation mit Industriepartnern bis hin zur wissenschaftlichen Grundlagenforschung. Die RWTH Aachen University bietet daf\u00fcr [&hellip;]<\/p>\n","protected":false},"author":1,"featured_media":0,"parent":0,"menu_order":0,"comment_status":"closed","ping_status":"closed","template":"","meta":{"cybocfi_hide_featured_image":"","footnotes":""},"class_list":["post-7","page","type-page","status-publish","hentry"],"_links":{"self":[{"href":"https:\/\/www.ibac-cp.rwth-aachen.de\/en\/wp-json\/wp\/v2\/pages\/7","targetHints":{"allow":["GET"]}}],"collection":[{"href":"https:\/\/www.ibac-cp.rwth-aachen.de\/en\/wp-json\/wp\/v2\/pages"}],"about":[{"href":"https:\/\/www.ibac-cp.rwth-aachen.de\/en\/wp-json\/wp\/v2\/types\/page"}],"author":[{"embeddable":true,"href":"https:\/\/www.ibac-cp.rwth-aachen.de\/en\/wp-json\/wp\/v2\/users\/1"}],"replies":[{"embeddable":true,"href":"https:\/\/www.ibac-cp.rwth-aachen.de\/en\/wp-json\/wp\/v2\/comments?post=7"}],"version-history":[{"count":67,"href":"https:\/\/www.ibac-cp.rwth-aachen.de\/en\/wp-json\/wp\/v2\/pages\/7\/revisions"}],"predecessor-version":[{"id":2945,"href":"https:\/\/www.ibac-cp.rwth-aachen.de\/en\/wp-json\/wp\/v2\/pages\/7\/revisions\/2945"}],"wp:attachment":[{"href":"https:\/\/www.ibac-cp.rwth-aachen.de\/en\/wp-json\/wp\/v2\/media?parent=7"}],"curies":[{"name":"wp","href":"https:\/\/api.w.org\/{rel}","templated":true}]}}